{"id":17,"date":"2011-10-17T15:22:31","date_gmt":"2011-10-17T15:22:31","guid":{"rendered":"http:\/\/www.optinet.se\/optinetrune\/?page_id=17"},"modified":"2013-09-12T17:47:26","modified_gmt":"2013-09-12T15:47:26","slug":"motionstavlingar","status":"publish","type":"page","link":"https:\/\/www.xn--lparblogg-07a.se\/index.php\/motionstavlingar\/","title":{"rendered":"Motionst\u00e4vlingar"},"content":{"rendered":"<p>S\u00e5 d\u00e4r ja, nu har man i alla fall sprungit ett lopp. Stadloppet i Karlstad 2012 den 16:e juni.<\/p>\n<p><strong>Stadsloppet i Karlstad<\/strong><br \/>\n<a href=\"http:\/\/karlstadstadslopp.se\/\">http:\/\/karlstadstadslopp.se\/<\/a><br \/>\nMycket trevligt lopp. Folkfest, ca 4500 deltagare, 1 mil l\u00e5ngt genom Karlstad centrum. <a title=\"Stadsloppet 2012\" href=\"http:\/\/www.xn--lparblogg-07a.se\/index.php\/2012\/06\/stadsloppet-karlstad-2012\/\">S\u00e5 h\u00e4r gick det f\u00f6r mig 2012.<\/a>\u00a0F\u00f6r mig kommer detta alltid vara mitt f\u00f6rsta lopp &#8230;<\/p>\n<p><strong>G\u00f6teborgsvarvet<\/strong><br \/>\n<a href=\"http:\/\/www.goteborgsvarvet.se\/\">http:\/\/www.goteborgsvarvet.se\/<br \/>\n<\/a>V\u00e4rldens st\u00f6rsta halvmara. 2013 blir det 62 000 l\u00f6pare och en av dem \u00e4r jag \ud83d\ude42 Skall blir grymt sp\u00e4nnande och jobbigt ocks\u00e5 kanske. M\u00e5nga oroar sig nog f\u00f6r att de \u00e4r d\u00e5ligt tr\u00e4nade, jag oroar mig mer f\u00f6r om jag f\u00e5r vara skadefri &#8230;<\/p>\n<p><strong>Midnattsloppet<\/strong><br \/>\n<a title=\"Midnattsloppet\" href=\"http:\/\/www.midnattsloppet.com\/\" target=\"_blank\"> http:\/\/www.midnattsloppet.com\/<\/a><br \/>\nSpring i m\u00f6rker! Eller p\u00e5 kv\u00e4llen i alla fall, det \u00e4r ju mycket lampor b\u00e5de gatlyktor och speciellt ljus f\u00f6r att h\u00f6ja st\u00e4mningen. En annorlunda t\u00e4vlinga. I G\u00f6teborg var det en del backar s\u00e5 j\u00e4mf\u00f6rt med Stadsloppet \u00e4r detta ett tyngre lopp. Deltagarna k\u00e4nns ocks\u00e5 lite mer v\u00e4ltr\u00e4nade. Kul och annorlunda i alla fall! Ca 15 000 deltagare i Gbg.<\/p>\n<p>H\u00e5ller p\u00e5 att leta efter n\u00e5got mindre lopp under vintern eller v\u00e5ren innan G\u00f6teborgsvarvet. F\u00e5r se om vi hittar n\u00e5got &#8230;<\/p>\n","protected":false},"excerpt":{"rendered":"<p>S\u00e5 d\u00e4r ja, nu har man i alla fall sprungit ett lopp. Stadloppet i Karlstad 2012 den 16:e juni. Stadsloppet i Karlstad http:\/\/karlstadstadslopp.se\/ Mycket trevligt lopp. Folkfest, ca 4500 deltagare, 1 mil l\u00e5ngt genom Karlstad centrum. S\u00e5 h\u00e4r gick det &hellip; <a href=\"https:\/\/www.xn--lparblogg-07a.se\/index.php\/motionstavlingar\/\">L\u00e4s mer <span class=\"meta-nav\">&rarr;<\/span><\/a><\/p>\n","protected":false},"author":1,"featured_media":0,"parent":0,"menu_order":0,"comment_status":"open","ping_status":"open","template":"","meta":[],"_links":{"self":[{"href":"https:\/\/www.xn--lparblogg-07a.se\/index.php\/wp-json\/wp\/v2\/pages\/17"}],"collection":[{"href":"https:\/\/www.xn--lparblogg-07a.se\/index.php\/wp-json\/wp\/v2\/pages"}],"about":[{"href":"https:\/\/www.xn--lparblogg-07a.se\/index.php\/wp-json\/wp\/v2\/types\/page"}],"author":[{"embeddable":true,"href":"https:\/\/www.xn--lparblogg-07a.se\/index.php\/wp-json\/wp\/v2\/users\/1"}],"replies":[{"embeddable":true,"href":"https:\/\/www.xn--lparblogg-07a.se\/index.php\/wp-json\/wp\/v2\/comments?post=17"}],"version-history":[{"count":10,"href":"https:\/\/www.xn--lparblogg-07a.se\/index.php\/wp-json\/wp\/v2\/pages\/17\/revisions"}],"predecessor-version":[{"id":737,"href":"https:\/\/www.xn--lparblogg-07a.se\/index.php\/wp-json\/wp\/v2\/pages\/17\/revisions\/737"}],"wp:attachment":[{"href":"https:\/\/www.xn--lparblogg-07a.se\/index.php\/wp-json\/wp\/v2\/media?parent=17"}],"curies":[{"name":"wp","href":"https:\/\/api.w.org\/{rel}","templated":true}]}}