{"id":210,"date":"2012-02-10T14:39:42","date_gmt":"2012-02-10T13:39:42","guid":{"rendered":"http:\/\/www.xn--lparblogg-07a.se\/?page_id=210"},"modified":"2012-08-28T16:41:21","modified_gmt":"2012-08-28T14:41:21","slug":"andra-bra-loparbloggar","status":"publish","type":"page","link":"https:\/\/www.xn--lparblogg-07a.se\/index.php\/andra-bra-loparbloggar\/","title":{"rendered":"Andra bra l\u00f6parbloggar"},"content":{"rendered":"<p>Det \u00e4r inte l\u00e4tt att hitta bra l\u00f6parbloggar f\u00f6r nyb\u00f6rjare. Den som redan springer maraton beh\u00f6ver inte s\u00e5 mycket inspiration som den som precis b\u00f6rjat springa, men \u00e4nd\u00e5 skrivs det mest om elitl\u00f6pare, konstigt &#8230;<\/p>\n<p>Nu har jag i alla fall hittat n\u00e5gra som \u00e4r intressanta:<\/p>\n<p><a title=\"Icakuriren F\u00f6rebygg l\u00f6pskador\" href=\"http:\/\/www.icakuriren.se\/Kropp-Sjal\/Halsa\/forebygg-lopskador\/\" target=\"_blank\">http:\/\/www.icakuriren.se\/Kropp-Sjal\/Halsa\/forebygg-lopskador\/<\/a><br \/>\nH\u00e4r \u00e4r en sida om att komma ig\u00e5ng som nyb\u00f6rjare. Stog en del som jag kan inst\u00e4mma i och sen en del om att undvika skador vilket jag ju vet inte \u00e4r s\u00e5 l\u00e4tt. (Fast vila fr\u00e5n l\u00f6pning \u00e4r standard svaret p\u00e5 allt \u00e4nd\u00e5 &#8230;)<\/p>\n<p><a title=\"Marathon Mia\" href=\"http:\/\/bloggaromtraning.se\/marathonmia\/lopskola-for-nyborjare\/\" target=\"_blank\">http:\/\/bloggaromtraning.se\/marathonmia\/lopskola-for-nyborjare\/<\/a><br \/>\nVi har ungef\u00e4r samma syn p\u00e5 att b\u00f6rja springa. Har inte l\u00e4st allt \u00e4n, men h\u00e4r k\u00e4nner man igen sig!<\/p>\n<p><a href=\"http:\/\/blogg.vf.se\/stadsloppet\/\">http:\/\/blogg.vf.se\/stadsloppet\/<\/a><br \/>\nHittade denna blogg. Hanna som \u00e4r helt otr\u00e4nad skall springa Stadsloppet i Karlstad. Pl\u00f6tsligt inser man att man inte \u00e4r s\u00e5 otr\u00e4nad l\u00e4ngre. Ger inspiration!!<\/p>\n<p><a href=\"http:\/\/karimartens.se\/\">http:\/\/karimartens.se\/<br \/>\n<\/a>Imponerande\u00a0historia\u00a0om att allt \u00e4r m\u00f6jligt.<\/p>\n","protected":false},"excerpt":{"rendered":"<p>Det \u00e4r inte l\u00e4tt att hitta bra l\u00f6parbloggar f\u00f6r nyb\u00f6rjare. Den som redan springer maraton beh\u00f6ver inte s\u00e5 mycket inspiration som den som precis b\u00f6rjat springa, men \u00e4nd\u00e5 skrivs det mest om elitl\u00f6pare, konstigt &#8230; Nu har jag i alla &hellip; <a href=\"https:\/\/www.xn--lparblogg-07a.se\/index.php\/andra-bra-loparbloggar\/\">L\u00e4s mer <span class=\"meta-nav\">&rarr;<\/span><\/a><\/p>\n","protected":false},"author":1,"featured_media":0,"parent":0,"menu_order":4,"comment_status":"open","ping_status":"open","template":"","meta":[],"_links":{"self":[{"href":"https:\/\/www.xn--lparblogg-07a.se\/index.php\/wp-json\/wp\/v2\/pages\/210"}],"collection":[{"href":"https:\/\/www.xn--lparblogg-07a.se\/index.php\/wp-json\/wp\/v2\/pages"}],"about":[{"href":"https:\/\/www.xn--lparblogg-07a.se\/index.php\/wp-json\/wp\/v2\/types\/page"}],"author":[{"embeddable":true,"href":"https:\/\/www.xn--lparblogg-07a.se\/index.php\/wp-json\/wp\/v2\/users\/1"}],"replies":[{"embeddable":true,"href":"https:\/\/www.xn--lparblogg-07a.se\/index.php\/wp-json\/wp\/v2\/comments?post=210"}],"version-history":[{"count":8,"href":"https:\/\/www.xn--lparblogg-07a.se\/index.php\/wp-json\/wp\/v2\/pages\/210\/revisions"}],"predecessor-version":[{"id":1003,"href":"https:\/\/www.xn--lparblogg-07a.se\/index.php\/wp-json\/wp\/v2\/pages\/210\/revisions\/1003"}],"wp:attachment":[{"href":"https:\/\/www.xn--lparblogg-07a.se\/index.php\/wp-json\/wp\/v2\/media?parent=210"}],"curies":[{"name":"wp","href":"https:\/\/api.w.org\/{rel}","templated":true}]}}