{"id":966,"date":"2017-09-08T00:02:19","date_gmt":"2017-09-07T22:02:19","guid":{"rendered":"http:\/\/www.xn--lparblogg-07a.se\/?page_id=966"},"modified":"2019-05-16T15:55:02","modified_gmt":"2019-05-16T13:55:02","slug":"personbasta","status":"publish","type":"page","link":"https:\/\/www.xn--lparblogg-07a.se\/index.php\/personbasta\/","title":{"rendered":"Personb\u00e4sta"},"content":{"rendered":"<p>F\u00f6r att kunna h\u00e5lla koll f\u00f6r egen r\u00e4kning och slippa leta p\u00e5 bloggen och i statistik i klockan.<\/p>\n<p>Skat\u00e5s 8:an \u00a0\u00a0 43.36 13\/5-19 \u00a0\u00a0 43.50 3\/10-17 \u00a0 \u00a044.15 15\/9 -17 \u00a0 \u00a0 44.46 \u00a0 4\/9-17<br \/>\nSkat\u00e5s milen \u00a01.05.58 \u00a0 \u00a012\/6-15<br \/>\nKilene milen \u00a0 \u00a056.23 \u00a0 \u00a03\/7-17 \u00a0 \u00a0(lite os\u00e4ker om jag sprungit snabbare, men kan inte hitta n\u00e5got)<br \/>\nPartille Pr\u00e4sttj\u00e4rn 5 km 30.57 15\/5-19<\/p>\n<p>&nbsp;<\/p>\n","protected":false},"excerpt":{"rendered":"<p>F\u00f6r att kunna h\u00e5lla koll f\u00f6r egen r\u00e4kning och slippa leta p\u00e5 bloggen och i statistik i klockan. Skat\u00e5s 8:an \u00a0\u00a0 43.36 13\/5-19 \u00a0\u00a0 43.50 3\/10-17 \u00a0 \u00a044.15 15\/9 -17 \u00a0 \u00a0 44.46 \u00a0 4\/9-17 Skat\u00e5s milen \u00a01.05.58 \u00a0 \u00a012\/6-15 &hellip; <a href=\"https:\/\/www.xn--lparblogg-07a.se\/index.php\/personbasta\/\">L\u00e4s mer <span class=\"meta-nav\">&rarr;<\/span><\/a><\/p>\n","protected":false},"author":1,"featured_media":0,"parent":0,"menu_order":0,"comment_status":"open","ping_status":"open","template":"","meta":[],"_links":{"self":[{"href":"https:\/\/www.xn--lparblogg-07a.se\/index.php\/wp-json\/wp\/v2\/pages\/966"}],"collection":[{"href":"https:\/\/www.xn--lparblogg-07a.se\/index.php\/wp-json\/wp\/v2\/pages"}],"about":[{"href":"https:\/\/www.xn--lparblogg-07a.se\/index.php\/wp-json\/wp\/v2\/types\/page"}],"author":[{"embeddable":true,"href":"https:\/\/www.xn--lparblogg-07a.se\/index.php\/wp-json\/wp\/v2\/users\/1"}],"replies":[{"embeddable":true,"href":"https:\/\/www.xn--lparblogg-07a.se\/index.php\/wp-json\/wp\/v2\/comments?post=966"}],"version-history":[{"count":8,"href":"https:\/\/www.xn--lparblogg-07a.se\/index.php\/wp-json\/wp\/v2\/pages\/966\/revisions"}],"predecessor-version":[{"id":969,"href":"https:\/\/www.xn--lparblogg-07a.se\/index.php\/wp-json\/wp\/v2\/pages\/966\/revisions\/969"}],"wp:attachment":[{"href":"https:\/\/www.xn--lparblogg-07a.se\/index.php\/wp-json\/wp\/v2\/media?parent=966"}],"curies":[{"name":"wp","href":"https:\/\/api.w.org\/{rel}","templated":true}]}}